{"id":844,"date":"2020-05-22T15:11:15","date_gmt":"2020-05-22T19:11:15","guid":{"rendered":"https:\/\/immigrant-entrepreneur.ca\/?page_id=844"},"modified":"2025-09-16T17:10:16","modified_gmt":"2025-09-16T21:10:16","slug":"contact-us","status":"publish","type":"page","link":"https:\/\/immigrant-entrepreneur.ca\/?page_id=844&lang=en","title":{"rendered":"CONTACT US"},"content":{"rendered":"\t\t<div data-elementor-type=\"wp-page\" data-elementor-id=\"844\" class=\"elementor elementor-844\">\n\t\t\t\t\t\t<section class=\"elementor-section elementor-top-section elementor-element elementor-element-14ff9a6 elementor-section-boxed elementor-section-height-default elementor-section-height-default\" data-id=\"14ff9a6\" data-element_type=\"section\">\n\t\t\t\t\t\t<div class=\"elementor-container elementor-column-gap-default\">\n\t\t\t\t\t<div class=\"elementor-column elementor-col-50 elementor-top-column elementor-element elementor-element-c2e4ac7\" data-id=\"c2e4ac7\" data-element_type=\"column\">\n\t\t\t<div class=\"elementor-widget-wrap elementor-element-populated\">\n\t\t\t\t\t\t<div class=\"elementor-element elementor-element-c7e198c elementor-widget elementor-widget-heading\" data-id=\"c7e198c\" data-element_type=\"widget\" data-widget_type=\"heading.default\">\n\t\t\t\t<div class=\"elementor-widget-container\">\n\t\t\t\t\t<h2 class=\"elementor-heading-title elementor-size-default\">CONTACT<\/h2>\t\t\t\t<\/div>\n\t\t\t\t<\/div>\n\t\t\t\t<div class=\"elementor-element elementor-element-4babc0c elementor-widget elementor-widget-text-editor\" data-id=\"4babc0c\" data-element_type=\"widget\" data-widget_type=\"text-editor.default\">\n\t\t\t\t<div class=\"elementor-widget-container\">\n\t\t\t\t\t\t\t\t\t<p><strong>1980, rue Sherbrooke Ouest<br \/>Bureau 700<br \/>Montr\u00e9al (Qu\u00e9bec) H3H 1E8<br \/>Canada<br \/><\/strong>T\u00e9l.: +1 514 907-3231<br \/>Fax: +1 514 375-1402<\/p><p><strong>VoIP Direct Lines:<\/strong><br \/>Washington, DC: +1 202-536-4504<br \/>Paris: +33 1 72 77 43 74<br \/>Caracas: +58 212-720-5126<\/p><p><strong>Website<\/strong><br \/><a href=\"https:\/\/wmr-law.ca\/en\/?utm_source=blog&amp;utm_medium=referal&amp;utm_campaign=blog_immigrant_entrepreneur&amp;utm_term=blog_en\">www.wmr-law.ca<\/a><\/p>\t\t\t\t\t\t\t\t<\/div>\n\t\t\t\t<\/div>\n\t\t\t\t\t<\/div>\n\t\t<\/div>\n\t\t\t\t<div class=\"elementor-column elementor-col-50 elementor-top-column elementor-element elementor-element-efb8bc7\" data-id=\"efb8bc7\" data-element_type=\"column\">\n\t\t\t<div class=\"elementor-widget-wrap elementor-element-populated\">\n\t\t\t\t\t\t<div class=\"elementor-element elementor-element-cb1f1a8 elementor-widget elementor-widget-google_maps\" data-id=\"cb1f1a8\" data-element_type=\"widget\" data-widget_type=\"google_maps.default\">\n\t\t\t\t<div class=\"elementor-widget-container\">\n\t\t\t\t\t\t\t<div class=\"elementor-custom-embed\">\n\t\t\t<iframe loading=\"lazy\"\n\t\t\t\t\tsrc=\"https:\/\/maps.google.com\/maps?q=Wellstein%20Mora%20Rodriguez%20International%20s.a.&#038;t=m&#038;z=16&#038;output=embed&#038;iwloc=near\"\n\t\t\t\t\ttitle=\"Wellstein Mora Rodriguez International s.a.\"\n\t\t\t\t\taria-label=\"Wellstein Mora Rodriguez International s.a.\"\n\t\t\t><\/iframe>\n\t\t<\/div>\n\t\t\t\t\t\t<\/div>\n\t\t\t\t<\/div>\n\t\t\t\t\t<\/div>\n\t\t<\/div>\n\t\t\t\t\t<\/div>\n\t\t<\/section>\n\t\t\t\t<section class=\"elementor-section elementor-top-section elementor-element elementor-element-4616d49 elementor-section-boxed elementor-section-height-default elementor-section-height-default\" data-id=\"4616d49\" data-element_type=\"section\">\n\t\t\t\t\t\t<div class=\"elementor-container elementor-column-gap-default\">\n\t\t\t\t\t<div class=\"elementor-column elementor-col-50 elementor-top-column elementor-element elementor-element-4484a59\" data-id=\"4484a59\" data-element_type=\"column\">\n\t\t\t<div class=\"elementor-widget-wrap\">\n\t\t\t\t\t\t\t<\/div>\n\t\t<\/div>\n\t\t\t\t<div class=\"elementor-column elementor-col-50 elementor-top-column elementor-element elementor-element-68a80ed\" data-id=\"68a80ed\" data-element_type=\"column\" data-settings=\"{&quot;background_background&quot;:&quot;classic&quot;}\">\n\t\t\t<div class=\"elementor-widget-wrap elementor-element-populated\">\n\t\t\t\t\t\t<div class=\"elementor-element elementor-element-f7b708a elementor-widget elementor-widget-heading\" data-id=\"f7b708a\" data-element_type=\"widget\" data-widget_type=\"heading.default\">\n\t\t\t\t<div class=\"elementor-widget-container\">\n\t\t\t\t\t<h2 class=\"elementor-heading-title elementor-size-default\">CONTACT US<\/h2>\t\t\t\t<\/div>\n\t\t\t\t<\/div>\n\t\t\t\t<div class=\"elementor-element elementor-element-77b836a elementor-widget elementor-widget-formidable\" data-id=\"77b836a\" data-element_type=\"widget\" data-widget_type=\"formidable.default\">\n\t\t\t\t<div class=\"elementor-widget-container\">\n\t\t\t\t\t<div class=\"frm_forms  with_frm_style frm_style_formidable-style\" id=\"frm_form_1_container\" data-token=\"1ac8898c93a0b7559d8ff51fb828c3d8\">\n<form enctype=\"multipart\/form-data\" method=\"post\" class=\"frm-show-form \" id=\"form_contact-form\" data-token=\"1ac8898c93a0b7559d8ff51fb828c3d8\">\n<div class=\"frm_form_fields \">\n<fieldset>\n<legend class=\"frm_screen_reader\">CONTACT US<\/legend>\r\n\r\n<div class=\"frm_fields_container\">\n<input type=\"hidden\" name=\"frm_action\" value=\"create\" \/>\n<input type=\"hidden\" name=\"form_id\" value=\"1\" \/>\n<input type=\"hidden\" name=\"frm_hide_fields_1\" id=\"frm_hide_fields_1\" value=\"\" \/>\n<input type=\"hidden\" name=\"form_key\" value=\"contact-form\" \/>\n<input type=\"hidden\" name=\"item_meta[0]\" value=\"\" \/>\n<input type=\"hidden\" id=\"frm_submit_entry_1\" name=\"frm_submit_entry_1\" value=\"70b8655f40\" \/><input type=\"hidden\" name=\"_wp_http_referer\" value=\"\/index.php?rest_route=%2Fwp%2Fv2%2Fpages%2F844\" \/><div id=\"frm_field_1_container\" class=\"frm_form_field form-field  frm_required_field frm_top_container frm_first frm_half\">\r\n\t<label for=\"field_qh4icy\" id=\"field_qh4icy_label\" class=\"frm_primary_label\">Name\r\n\t\t<span class=\"frm_required\" aria-hidden=\"true\">*<\/span>\r\n\t<\/label>\r\n\t<input type=\"text\" id=\"field_qh4icy\" name=\"item_meta[1]\" value=\"\"  data-reqmsg=\"Name cannot be blank.\" aria-required=\"true\" data-invmsg=\"Name is invalid\" aria-invalid=\"false\"   aria-describedby=\"frm_desc_field_qh4icy\"\/>\r\n\t<div class=\"frm_description\" id=\"frm_desc_field_qh4icy\">First<\/div>\r\n\t\r\n<\/div>\n<div id=\"frm_field_2_container\" class=\"frm_form_field form-field  frm_required_field frm_hidden_container frm_half\">\r\n\t<label for=\"field_ocfup1\" id=\"field_ocfup1_label\" class=\"frm_primary_label\">Last Name\r\n\t\t<span class=\"frm_required\" aria-hidden=\"true\">*<\/span>\r\n\t<\/label>\r\n\t<input type=\"text\" id=\"field_ocfup1\" name=\"item_meta[2]\" value=\"\"  data-reqmsg=\"Last Name cannot be blank.\" aria-required=\"true\" data-invmsg=\"Last Name is invalid\" aria-invalid=\"false\"   aria-describedby=\"frm_desc_field_ocfup1\"\/>\r\n\t<div class=\"frm_description\" id=\"frm_desc_field_ocfup1\">Last<\/div>\r\n\t\r\n<\/div>\n<div id=\"frm_field_3_container\" class=\"frm_form_field form-field  frm_required_field frm_top_container frm_full\">\r\n\t<label for=\"field_29yf4d\" id=\"field_29yf4d_label\" class=\"frm_primary_label\">Email\r\n\t\t<span class=\"frm_required\" aria-hidden=\"true\">*<\/span>\r\n\t<\/label>\r\n\t<input type=\"email\" id=\"field_29yf4d\" name=\"item_meta[3]\" value=\"\"  data-reqmsg=\"Email cannot be blank.\" aria-required=\"true\" data-invmsg=\"Please enter a valid email address\" aria-invalid=\"false\"  \/>\r\n\t\r\n\t\r\n<\/div>\n<div id=\"frm_field_4_container\" class=\"frm_form_field form-field  frm_required_field frm_top_container frm_full\">\r\n\t<label for=\"field_e6lis6\" id=\"field_e6lis6_label\" class=\"frm_primary_label\">Subject\r\n\t\t<span class=\"frm_required\" aria-hidden=\"true\">*<\/span>\r\n\t<\/label>\r\n\t<input type=\"text\" id=\"field_e6lis6\" name=\"item_meta[4]\" value=\"\"  data-reqmsg=\"Subject cannot be blank.\" aria-required=\"true\" data-invmsg=\"Subject is invalid\" aria-invalid=\"false\"  \/>\r\n\t\r\n\t\r\n<\/div>\n<div id=\"frm_field_5_container\" class=\"frm_form_field form-field  frm_required_field frm_top_container frm_full\">\r\n\t<label for=\"field_9jv0r1\" id=\"field_9jv0r1_label\" class=\"frm_primary_label\">Message\r\n\t\t<span class=\"frm_required\" aria-hidden=\"true\">*<\/span>\r\n\t<\/label>\r\n\t<textarea name=\"item_meta[5]\" id=\"field_9jv0r1\" rows=\"5\"  data-reqmsg=\"Message cannot be blank.\" aria-required=\"true\" data-invmsg=\"Message is invalid\" aria-invalid=\"false\"  ><\/textarea>\r\n\t\r\n\t\r\n<\/div>\n<div id=\"frm_field_6_container\" class=\"frm_form_field form-field \">\r\n\t<div class=\"frm_submit frm_flex\">\r\n<button class=\"frm_button_submit\" type=\"submit\"  >Submit<\/button>\r\n\r\n\r\n\r\n<\/div>\r\n<\/div>\n\t<input type=\"hidden\" name=\"item_key\" value=\"\" \/>\n\t\t\t<div id=\"frm_field_13_container\">\n\t\t\t<label for=\"field_5hby2\" >\n\t\t\t\tIf you are human, leave this field blank.\t\t\t<\/label>\n\t\t\t<input  id=\"field_5hby2\" type=\"text\" class=\"frm_form_field form-field frm_verify\" name=\"item_meta[13]\" value=\"\"  \/>\n\t\t<\/div>\n\t\t<input name=\"frm_state\" type=\"hidden\" value=\"UgMEXO8g7cnvwnPV\/3TGF7iv6\/1s9lwY2cnuHBH6dCQ=\" \/><\/div>\n<\/fieldset>\n<\/div>\n\n<\/form>\n<\/div>\n\t\t\t\t<\/div>\n\t\t\t\t<\/div>\n\t\t\t\t<div class=\"elementor-element elementor-element-624d0c0 elementor-widget elementor-widget-text-editor\" data-id=\"624d0c0\" data-element_type=\"widget\" data-widget_type=\"text-editor.default\">\n\t\t\t\t<div class=\"elementor-widget-container\">\n\t\t\t\t\t\t\t\t\t<p>Note: The access to this website or its use does not create an attorney-client relationship. Likewise, the information and documents sent through this contact form or without prior request from our attorneys or consultants, will not be considered privileged or confidential nor will it be subject to professional secrecy.<\/p>\t\t\t\t\t\t\t\t<\/div>\n\t\t\t\t<\/div>\n\t\t\t\t\t<\/div>\n\t\t<\/div>\n\t\t\t\t\t<\/div>\n\t\t<\/section>\n\t\t\t\t<\/div>\n\t\t","protected":false},"excerpt":{"rendered":"<p>CONTACT 1980, rue Sherbrooke OuestBureau 700Montr\u00e9al (Qu\u00e9bec) H3H 1E8CanadaT\u00e9l.: +1 514 907-3231Fax: +1 514 375-1402 VoIP Direct Lines:Washington, DC: +1 202-536-4504Paris: +33 1 72 77 43 74Caracas: +58 212-720-5126 Websitewww.wmr-law.ca CONTACT US CONTACT US Name * First Last Name * Last Email * Subject * Message * Submit If you are human, leave this field [&hellip;]<\/p>\n","protected":false},"author":2,"featured_media":0,"parent":0,"menu_order":0,"comment_status":"closed","ping_status":"closed","template":"","meta":{"footnotes":""},"class_list":["post-844","page","type-page","status-publish","hentry"],"yoast_head":"<!-- This site is optimized with the Yoast SEO plugin v25.8 - https:\/\/yoast.com\/wordpress\/plugins\/seo\/ -->\n<title>CONTACT US - Immigrant Entrepreneur<\/title>\n<meta name=\"robots\" content=\"index, follow, max-snippet:-1, max-image-preview:large, max-video-preview:-1\" \/>\n<link rel=\"canonical\" href=\"https:\/\/immigrant-entrepreneur.ca\/?page_id=844&lang=en\" \/>\n<meta property=\"og:locale\" content=\"en_US\" \/>\n<meta property=\"og:type\" content=\"article\" \/>\n<meta property=\"og:title\" content=\"CONTACT US - Immigrant Entrepreneur\" \/>\n<meta property=\"og:description\" content=\"CONTACT 1980, rue Sherbrooke OuestBureau 700Montr\u00e9al (Qu\u00e9bec) H3H 1E8CanadaT\u00e9l.: +1 514 907-3231Fax: +1 514 375-1402 VoIP Direct Lines:Washington, DC: +1 202-536-4504Paris: +33 1 72 77 43 74Caracas: +58 212-720-5126 Websitewww.wmr-law.ca CONTACT US CONTACT US Name * First Last Name * Last Email * Subject * Message * Submit If you are human, leave this field [&hellip;]\" \/>\n<meta property=\"og:url\" content=\"https:\/\/immigrant-entrepreneur.ca\/?page_id=844&amp;lang=en\" \/>\n<meta property=\"og:site_name\" content=\"Immigrant Entrepreneur\" \/>\n<meta property=\"article:modified_time\" content=\"2025-09-16T21:10:16+00:00\" \/>\n<meta name=\"twitter:card\" content=\"summary_large_image\" \/>\n<meta name=\"twitter:label1\" content=\"Est. reading time\" \/>\n\t<meta name=\"twitter:data1\" content=\"1 minute\" \/>\n<script type=\"application\/ld+json\" class=\"yoast-schema-graph\">{\"@context\":\"https:\/\/schema.org\",\"@graph\":[{\"@type\":\"WebPage\",\"@id\":\"https:\/\/immigrant-entrepreneur.ca\/?page_id=844&lang=en\",\"url\":\"https:\/\/immigrant-entrepreneur.ca\/?page_id=844&lang=en\",\"name\":\"CONTACT US - Immigrant Entrepreneur\",\"isPartOf\":{\"@id\":\"https:\/\/immigrant-entrepreneur.ca\/#website\"},\"datePublished\":\"2020-05-22T19:11:15+00:00\",\"dateModified\":\"2025-09-16T21:10:16+00:00\",\"breadcrumb\":{\"@id\":\"https:\/\/immigrant-entrepreneur.ca\/?page_id=844&lang=en#breadcrumb\"},\"inLanguage\":\"en-US\",\"potentialAction\":[{\"@type\":\"ReadAction\",\"target\":[\"https:\/\/immigrant-entrepreneur.ca\/?page_id=844&lang=en\"]}]},{\"@type\":\"BreadcrumbList\",\"@id\":\"https:\/\/immigrant-entrepreneur.ca\/?page_id=844&lang=en#breadcrumb\",\"itemListElement\":[{\"@type\":\"ListItem\",\"position\":1,\"name\":\"Home\",\"item\":\"https:\/\/immigrant-entrepreneur.ca\/\"},{\"@type\":\"ListItem\",\"position\":2,\"name\":\"CONTACT US\"}]},{\"@type\":\"WebSite\",\"@id\":\"https:\/\/immigrant-entrepreneur.ca\/#website\",\"url\":\"https:\/\/immigrant-entrepreneur.ca\/\",\"name\":\"Immigrant Entrepreneur\",\"description\":\"\",\"potentialAction\":[{\"@type\":\"SearchAction\",\"target\":{\"@type\":\"EntryPoint\",\"urlTemplate\":\"https:\/\/immigrant-entrepreneur.ca\/?s={search_term_string}\"},\"query-input\":{\"@type\":\"PropertyValueSpecification\",\"valueRequired\":true,\"valueName\":\"search_term_string\"}}],\"inLanguage\":\"en-US\"}]}<\/script>\n<!-- \/ Yoast SEO plugin. -->","yoast_head_json":{"title":"CONTACT US - Immigrant Entrepreneur","robots":{"index":"index","follow":"follow","max-snippet":"max-snippet:-1","max-image-preview":"max-image-preview:large","max-video-preview":"max-video-preview:-1"},"canonical":"https:\/\/immigrant-entrepreneur.ca\/?page_id=844&lang=en","og_locale":"en_US","og_type":"article","og_title":"CONTACT US - Immigrant Entrepreneur","og_description":"CONTACT 1980, rue Sherbrooke OuestBureau 700Montr\u00e9al (Qu\u00e9bec) H3H 1E8CanadaT\u00e9l.: +1 514 907-3231Fax: +1 514 375-1402 VoIP Direct Lines:Washington, DC: +1 202-536-4504Paris: +33 1 72 77 43 74Caracas: +58 212-720-5126 Websitewww.wmr-law.ca CONTACT US CONTACT US Name * First Last Name * Last Email * Subject * Message * Submit If you are human, leave this field [&hellip;]","og_url":"https:\/\/immigrant-entrepreneur.ca\/?page_id=844&lang=en","og_site_name":"Immigrant Entrepreneur","article_modified_time":"2025-09-16T21:10:16+00:00","twitter_card":"summary_large_image","twitter_misc":{"Est. reading time":"1 minute"},"schema":{"@context":"https:\/\/schema.org","@graph":[{"@type":"WebPage","@id":"https:\/\/immigrant-entrepreneur.ca\/?page_id=844&lang=en","url":"https:\/\/immigrant-entrepreneur.ca\/?page_id=844&lang=en","name":"CONTACT US - Immigrant Entrepreneur","isPartOf":{"@id":"https:\/\/immigrant-entrepreneur.ca\/#website"},"datePublished":"2020-05-22T19:11:15+00:00","dateModified":"2025-09-16T21:10:16+00:00","breadcrumb":{"@id":"https:\/\/immigrant-entrepreneur.ca\/?page_id=844&lang=en#breadcrumb"},"inLanguage":"en-US","potentialAction":[{"@type":"ReadAction","target":["https:\/\/immigrant-entrepreneur.ca\/?page_id=844&lang=en"]}]},{"@type":"BreadcrumbList","@id":"https:\/\/immigrant-entrepreneur.ca\/?page_id=844&lang=en#breadcrumb","itemListElement":[{"@type":"ListItem","position":1,"name":"Home","item":"https:\/\/immigrant-entrepreneur.ca\/"},{"@type":"ListItem","position":2,"name":"CONTACT US"}]},{"@type":"WebSite","@id":"https:\/\/immigrant-entrepreneur.ca\/#website","url":"https:\/\/immigrant-entrepreneur.ca\/","name":"Immigrant Entrepreneur","description":"","potentialAction":[{"@type":"SearchAction","target":{"@type":"EntryPoint","urlTemplate":"https:\/\/immigrant-entrepreneur.ca\/?s={search_term_string}"},"query-input":{"@type":"PropertyValueSpecification","valueRequired":true,"valueName":"search_term_string"}}],"inLanguage":"en-US"}]}},"_links":{"self":[{"href":"https:\/\/immigrant-entrepreneur.ca\/index.php?rest_route=\/wp\/v2\/pages\/844","targetHints":{"allow":["GET"]}}],"collection":[{"href":"https:\/\/immigrant-entrepreneur.ca\/index.php?rest_route=\/wp\/v2\/pages"}],"about":[{"href":"https:\/\/immigrant-entrepreneur.ca\/index.php?rest_route=\/wp\/v2\/types\/page"}],"author":[{"embeddable":true,"href":"https:\/\/immigrant-entrepreneur.ca\/index.php?rest_route=\/wp\/v2\/users\/2"}],"replies":[{"embeddable":true,"href":"https:\/\/immigrant-entrepreneur.ca\/index.php?rest_route=%2Fwp%2Fv2%2Fcomments&post=844"}],"version-history":[{"count":10,"href":"https:\/\/immigrant-entrepreneur.ca\/index.php?rest_route=\/wp\/v2\/pages\/844\/revisions"}],"predecessor-version":[{"id":1211,"href":"https:\/\/immigrant-entrepreneur.ca\/index.php?rest_route=\/wp\/v2\/pages\/844\/revisions\/1211"}],"wp:attachment":[{"href":"https:\/\/immigrant-entrepreneur.ca\/index.php?rest_route=%2Fwp%2Fv2%2Fmedia&parent=844"}],"curies":[{"name":"wp","href":"https:\/\/api.w.org\/{rel}","templated":true}]}}