{"id":724,"date":"2020-05-20T15:23:23","date_gmt":"2020-05-20T19:23:23","guid":{"rendered":"https:\/\/immigrant-entrepreneur.ca\/?page_id=724"},"modified":"2020-05-22T15:42:50","modified_gmt":"2020-05-22T19:42:50","slug":"avis-legal","status":"publish","type":"page","link":"https:\/\/immigrant-entrepreneur.ca\/?page_id=724","title":{"rendered":"AVIS LEGAL"},"content":{"rendered":"\t\t<div data-elementor-type=\"wp-page\" data-elementor-id=\"724\" class=\"elementor elementor-724\">\n\t\t\t\t\t\t<section class=\"elementor-section elementor-top-section elementor-element elementor-element-7723e99 elementor-section-boxed elementor-section-height-default elementor-section-height-default\" data-id=\"7723e99\" data-element_type=\"section\">\n\t\t\t\t\t\t<div class=\"elementor-container elementor-column-gap-default\">\n\t\t\t\t\t<div class=\"elementor-column elementor-col-50 elementor-top-column elementor-element elementor-element-c417c8d\" data-id=\"c417c8d\" data-element_type=\"column\">\n\t\t\t<div class=\"elementor-widget-wrap elementor-element-populated\">\n\t\t\t\t\t\t<div class=\"elementor-element elementor-element-d62c40c elementor-widget elementor-widget-text-editor\" data-id=\"d62c40c\" data-element_type=\"widget\" data-widget_type=\"text-editor.default\">\n\t\t\t\t<div class=\"elementor-widget-container\">\n\t\t\t\t\t\t\t\t\t<h2>AVIS L\u00c9GAL<\/h2><h3><strong>Mentions l\u00e9gales g\u00e9n\u00e9rales<\/strong><\/h3><p><span style=\"font-weight: 400;\">Le contenu de ce blogue ainsi que les concepts et les opinions exprim\u00e9s par les auteurs (y compris les r\u00e9ponses aux questions des commentateurs) ne concernent que des questions g\u00e9n\u00e9rales. Ils ont un caract\u00e8re purement informatif et ne constituent pas des conseils ou un avis juridique pouvant donner lieu \u00e0 la naissance d\u2019une relation avocat-client.<\/span><\/p><p><span style=\"font-weight: 400;\">L\u2019information contenue dans ce blogue ne r\u00e9pond pas \u00e0 des situations particuli\u00e8res ou sp\u00e9cifiques. Par cons\u00e9quent, nous recommandons de ne pas prendre de d\u00e9cisions ou positions juridiques sur certains probl\u00e8mes juridiques abord\u00e9s sans consulter un avocat, un notaire ou un conseiller en immigration d\u00fbment autoris\u00e9 \u00e0 pratiquer dans la province, l\u2019\u00c9tat, le territoire du pays concern\u00e9.<\/span><\/p><p><span style=\"font-weight: 400;\">Les opinions et les vues exprim\u00e9es dans les articles publi\u00e9s dans ce blogue sont la seule responsabilit\u00e9 de leurs auteurs, et en aucun cas ne peuvent \u00eatre attribu\u00e9es \u00e0 Wellstein Mora Rodriguez International s.a., ses bureaux affili\u00e9s, ou ses correspondants. Les auteurs ne comptent pas ni ne garantissent l\u2019exactitude, la pertinence ou \u00e0 l\u2019actualit\u00e9 des informations contenues dans ce blog.<\/span><\/p><h3><strong>Commentaires<\/strong><\/h3><p><span style=\"font-weight: 400;\">Les commentaires des lecteurs sont les bienvenus. Sous chaque poste, chacun pourra exprimer ses r\u00e9flexions ou ses inqui\u00e9tudes et interagir avec nous. En plus du respect et de la courtoisie qui sont la norme pour ce type de forum, le fait d\u2019\u00eatre avocat nous impose d\u2019observer d\u2019autres r\u00e8gles de comportement et de contenu des publications. Les commentaires du public devront respecter les consignes suivantes :<\/span><\/p><ul><li style=\"font-weight: 400;\"><span style=\"font-weight: 400;\">Ne pas contenir d\u2019information personnelle ou confidentielle. Les commentaires sont \u00e0 la vue du public et il n\u2019existe aucune garantie de confidentialit\u00e9.<\/span><\/li><li style=\"font-weight: 400;\"><span style=\"font-weight: 400;\">Ne pas contenir d\u2019expressions ou messages diffamatoires, racistes, sexistes, discriminatoires, qui promeuvent ou incitent \u00e0 la haine et en g\u00e9n\u00e9ral, qui portent atteinte \u00e0 l\u2019honneur et\/ou \u00e0 la r\u00e9putation des individus et\/ou organisations. Ainsi nous interviendrons sur la zone des commentaires afin de supprimer tout contenu de message inappropri\u00e9, et nous d\u00e9clinons toute responsabilit\u00e9 pour les id\u00e9es exprim\u00e9es par les commentateurs.<\/span><\/li><li style=\"font-weight: 400;\"><span style=\"font-weight: 400;\">\u00c9viter le r\u00e9cit d\u00e9taill\u00e9 de situations ou de cas particuliers qui ont pu arriver aux participants. La zone de commentaires n\u2019est pas faite pour poser des questions juridiques. Si un lecteur souhaite obtenir une opinion ou un avis juridique concernant une situation en particulier, vous pouvez nous appeler ou nous contacter pour un rendez-vous, ou consulter votre avocat ou un notaire de confiance. Le r\u00e9cit de situations ou d\u2019exp\u00e9riences personnelles dans la zone de commentaires devrait \u00eatre limit\u00e9 \u00e0 des exp\u00e9riences g\u00e9n\u00e9rales ou des histoires qui pourraient \u00eatre utiles \u00e0 la communaut\u00e9.<\/span><\/li><\/ul><p><span style=\"font-weight: 400;\">Les lecteurs qui commentent les articles publi\u00e9s ne sont pas des avocats, des notaires ou des conseillers en immigration, sauf indication claire de leur nom, pr\u00e9nom et qualifications professionnelles. Par cons\u00e9quent, les concepts, les opinions et les r\u00e9ponses publi\u00e9es dans la section des commentaires ne sont qu\u2019indicatifs et il n\u2019y a aucune garantie de leur exactitude ou de la conformit\u00e9 avec le cadre juridique existant. Wellstein Mora Rodriguez International s.a., ses bureaux affili\u00e9s et ses correspondants ne sont pas responsables des questions inexactes ou mauvaises r\u00e9ponses des commentateurs. Si vous d\u00e9cidez de suivre les conseils ou les recommandations pr\u00e9sent\u00e9s par l\u2019un des commentateurs de ce blog, vous le faites \u00e0 vos propres risques.<\/span><\/p><p><span style=\"font-weight: 400;\">Nous appr\u00e9cions de ne pas recevoir de courriels ou autres communications avec des informations confidentielles, puisque nous ne pouvons en garantir la confidentialit\u00e9 ou le respect de la vie priv\u00e9e. Pour une consultation ou plus d\u2019informations sur nos services, vous pouvez nous appeler ou nous \u00e9crire pour prendre rendez-vous.<\/span><\/p><h4><br \/><br \/><\/h4>\t\t\t\t\t\t\t\t<\/div>\n\t\t\t\t<\/div>\n\t\t\t\t\t<\/div>\n\t\t<\/div>\n\t\t\t\t<div class=\"elementor-column elementor-col-50 elementor-top-column elementor-element elementor-element-2b41ca7\" data-id=\"2b41ca7\" data-element_type=\"column\">\n\t\t\t<div class=\"elementor-widget-wrap elementor-element-populated\">\n\t\t\t\t\t\t<div class=\"elementor-element elementor-element-7115bf1 elementor-widget elementor-widget-image\" data-id=\"7115bf1\" data-element_type=\"widget\" data-widget_type=\"image.default\">\n\t\t\t\t<div class=\"elementor-widget-container\">\n\t\t\t\t\t\t\t\t\t\t\t\t\t\t\t<img fetchpriority=\"high\" decoding=\"async\" width=\"850\" height=\"567\" src=\"https:\/\/immigrant-entrepreneur.ca\/wp-content\/uploads\/2020\/05\/board-3700116_1920-1024x683.jpg\" class=\"attachment-large size-large wp-image-781\" alt=\"\" srcset=\"https:\/\/immigrant-entrepreneur.ca\/wp-content\/uploads\/2020\/05\/board-3700116_1920-1024x683.jpg 1024w, https:\/\/immigrant-entrepreneur.ca\/wp-content\/uploads\/2020\/05\/board-3700116_1920-300x200.jpg 300w, https:\/\/immigrant-entrepreneur.ca\/wp-content\/uploads\/2020\/05\/board-3700116_1920-768x512.jpg 768w, https:\/\/immigrant-entrepreneur.ca\/wp-content\/uploads\/2020\/05\/board-3700116_1920-1536x1024.jpg 1536w, https:\/\/immigrant-entrepreneur.ca\/wp-content\/uploads\/2020\/05\/board-3700116_1920-272x182.jpg 272w, https:\/\/immigrant-entrepreneur.ca\/wp-content\/uploads\/2020\/05\/board-3700116_1920.jpg 1920w\" sizes=\"(max-width: 850px) 100vw, 850px\" \/>\t\t\t\t\t\t\t\t\t\t\t\t\t\t\t<\/div>\n\t\t\t\t<\/div>\n\t\t\t\t<div class=\"elementor-element elementor-element-2215f8f elementor-widget elementor-widget-wp-widget-recent-posts\" data-id=\"2215f8f\" data-element_type=\"widget\" data-widget_type=\"wp-widget-recent-posts.default\">\n\t\t\t\t<div class=\"elementor-widget-container\">\n\t\t\t\t\t\n\t\t\n\t\t<h5>Derniers articles<\/h5>\n\t\t<ul>\n\t\t\t\t\t\t\t\t\t\t\t<li>\n\t\t\t\t\t<a href=\"https:\/\/immigrant-entrepreneur.ca\/?p=610&#038;lang=en\">Top 7 Immigration Mistakes to be Avoided<\/a>\n\t\t\t\t\t\t\t\t\t<\/li>\n\t\t\t\t\t\t\t\t\t\t\t<li>\n\t\t\t\t\t<a href=\"https:\/\/immigrant-entrepreneur.ca\/?p=538\">Les 7 erreurs \u00e0 ne pas commettre au cours de son immigration au Canada<\/a>\n\t\t\t\t\t\t\t\t\t<\/li>\n\t\t\t\t\t<\/ul>\n\n\t\t\t\t\t\t<\/div>\n\t\t\t\t<\/div>\n\t\t\t\t<div class=\"elementor-element elementor-element-2c23a2f elementor-widget elementor-widget-wp-widget-categories\" data-id=\"2c23a2f\" data-element_type=\"widget\" data-widget_type=\"wp-widget-categories.default\">\n\t\t\t\t<div class=\"elementor-widget-container\">\n\t\t\t\t\t<h5>Categories<\/h5><form action=\"https:\/\/immigrant-entrepreneur.ca\" method=\"get\"><label class=\"screen-reader-text\" for=\"cat\">Categories<\/label><select  name='cat' id='cat' class='postform'>\n\t<option value='-1'>Select Category<\/option>\n\t<option class=\"level-0\" value=\"2\">Immigration<\/option>\n\t<option class=\"level-0\" value=\"23\">Immigration<\/option>\n<\/select>\n<\/form><script type=\"text\/javascript\">\n\/* <![CDATA[ *\/\n\n(function() {\n\tvar dropdown = document.getElementById( \"cat\" );\n\tfunction onCatChange() {\n\t\tif ( dropdown.options[ dropdown.selectedIndex ].value > 0 ) {\n\t\t\tdropdown.parentNode.submit();\n\t\t}\n\t}\n\tdropdown.onchange = onCatChange;\n})();\n\n\/* ]]> *\/\n<\/script>\n\t\t\t\t<\/div>\n\t\t\t\t<\/div>\n\t\t\t\t<div class=\"elementor-element elementor-element-6bc082c elementor-widget elementor-widget-wp-widget-tag_cloud\" data-id=\"6bc082c\" data-element_type=\"widget\" data-widget_type=\"wp-widget-tag_cloud.default\">\n\t\t\t\t<div class=\"elementor-widget-container\">\n\t\t\t\t\t<h5>\u00c9tiquettes<\/h5><div class=\"tagcloud\"><a href=\"https:\/\/immigrant-entrepreneur.ca\/?tag=erreurs\" class=\"tag-cloud-link tag-link-3 tag-link-position-1\" style=\"font-size: 8pt;\" aria-label=\"erreurs (1 item)\">erreurs<\/a>\n<a href=\"https:\/\/immigrant-entrepreneur.ca\/?tag=mistakes&#038;lang=en\" class=\"tag-cloud-link tag-link-25 tag-link-position-2\" style=\"font-size: 8pt;\" aria-label=\"mistakes (1 item)\">mistakes<\/a>\n<a href=\"https:\/\/immigrant-entrepreneur.ca\/?tag=planification\" class=\"tag-cloud-link tag-link-4 tag-link-position-3\" style=\"font-size: 8pt;\" aria-label=\"planification (1 item)\">planification<\/a>\n<a href=\"https:\/\/immigrant-entrepreneur.ca\/?tag=planning&#038;lang=en\" class=\"tag-cloud-link tag-link-27 tag-link-position-4\" style=\"font-size: 8pt;\" aria-label=\"planning (1 item)\">planning<\/a><\/div>\n\t\t\t\t<\/div>\n\t\t\t\t<\/div>\n\t\t\t\t<div class=\"elementor-element elementor-element-fa89b77 elementor-widget elementor-widget-wp-widget-search\" data-id=\"fa89b77\" data-element_type=\"widget\" data-widget_type=\"wp-widget-search.default\">\n\t\t\t\t<div class=\"elementor-widget-container\">\n\t\t\t\t\t<form role=\"search\" class=\"search-form\" action=\"https:\/\/immigrant-entrepreneur.ca\/\">\r\n <div>\r\n  <label class=\"sr-only\">Search for:<\/label>\r\n   <input type=\"text\" name=\"s\" value=\"\" placeholder=\"Search&hellip;\">\r\n   <input type=\"submit\" value=\"\">\r\n  <\/div>\r\n <\/form>\t\t\t\t<\/div>\n\t\t\t\t<\/div>\n\t\t\t\t\t<\/div>\n\t\t<\/div>\n\t\t\t\t\t<\/div>\n\t\t<\/section>\n\t\t\t\t<\/div>\n\t\t","protected":false},"excerpt":{"rendered":"<p>AVIS L\u00c9GAL Mentions l\u00e9gales g\u00e9n\u00e9rales Le contenu de ce blogue ainsi que les concepts et les opinions exprim\u00e9s par les auteurs (y compris les r\u00e9ponses aux questions des commentateurs) ne concernent que des questions g\u00e9n\u00e9rales. Ils ont un caract\u00e8re purement informatif et ne constituent pas des conseils ou un avis juridique pouvant donner lieu \u00e0 [&hellip;]<\/p>\n","protected":false},"author":2,"featured_media":0,"parent":0,"menu_order":0,"comment_status":"closed","ping_status":"closed","template":"","meta":{"footnotes":""},"class_list":["post-724","page","type-page","status-publish","hentry"],"yoast_head":"<!-- This site is optimized with the Yoast SEO plugin v25.8 - https:\/\/yoast.com\/wordpress\/plugins\/seo\/ -->\n<title>AVIS LEGAL - Immigrant Entrepreneur<\/title>\n<meta name=\"robots\" content=\"index, follow, max-snippet:-1, max-image-preview:large, max-video-preview:-1\" \/>\n<link rel=\"canonical\" href=\"https:\/\/immigrant-entrepreneur.ca\/?page_id=724\" \/>\n<meta property=\"og:locale\" content=\"en_US\" \/>\n<meta property=\"og:type\" content=\"article\" \/>\n<meta property=\"og:title\" content=\"AVIS LEGAL - Immigrant Entrepreneur\" \/>\n<meta property=\"og:description\" content=\"AVIS L\u00c9GAL Mentions l\u00e9gales g\u00e9n\u00e9rales Le contenu de ce blogue ainsi que les concepts et les opinions exprim\u00e9s par les auteurs (y compris les r\u00e9ponses aux questions des commentateurs) ne concernent que des questions g\u00e9n\u00e9rales. Ils ont un caract\u00e8re purement informatif et ne constituent pas des conseils ou un avis juridique pouvant donner lieu \u00e0 [&hellip;]\" \/>\n<meta property=\"og:url\" content=\"https:\/\/immigrant-entrepreneur.ca\/?page_id=724\" \/>\n<meta property=\"og:site_name\" content=\"Immigrant Entrepreneur\" \/>\n<meta property=\"article:modified_time\" content=\"2020-05-22T19:42:50+00:00\" \/>\n<meta property=\"og:image\" content=\"https:\/\/immigrant-entrepreneur.ca\/wp-content\/uploads\/2020\/05\/board-3700116_1920-1024x683.jpg\" \/>\n<meta name=\"twitter:card\" content=\"summary_large_image\" \/>\n<meta name=\"twitter:label1\" content=\"Est. reading time\" \/>\n\t<meta name=\"twitter:data1\" content=\"3 minutes\" \/>\n<script type=\"application\/ld+json\" class=\"yoast-schema-graph\">{\"@context\":\"https:\/\/schema.org\",\"@graph\":[{\"@type\":\"WebPage\",\"@id\":\"https:\/\/immigrant-entrepreneur.ca\/?page_id=724\",\"url\":\"https:\/\/immigrant-entrepreneur.ca\/?page_id=724\",\"name\":\"AVIS LEGAL - Immigrant Entrepreneur\",\"isPartOf\":{\"@id\":\"https:\/\/immigrant-entrepreneur.ca\/#website\"},\"primaryImageOfPage\":{\"@id\":\"https:\/\/immigrant-entrepreneur.ca\/?page_id=724#primaryimage\"},\"image\":{\"@id\":\"https:\/\/immigrant-entrepreneur.ca\/?page_id=724#primaryimage\"},\"thumbnailUrl\":\"https:\/\/immigrant-entrepreneur.ca\/wp-content\/uploads\/2020\/05\/board-3700116_1920-1024x683.jpg\",\"datePublished\":\"2020-05-20T19:23:23+00:00\",\"dateModified\":\"2020-05-22T19:42:50+00:00\",\"breadcrumb\":{\"@id\":\"https:\/\/immigrant-entrepreneur.ca\/?page_id=724#breadcrumb\"},\"inLanguage\":\"en-US\",\"potentialAction\":[{\"@type\":\"ReadAction\",\"target\":[\"https:\/\/immigrant-entrepreneur.ca\/?page_id=724\"]}]},{\"@type\":\"ImageObject\",\"inLanguage\":\"en-US\",\"@id\":\"https:\/\/immigrant-entrepreneur.ca\/?page_id=724#primaryimage\",\"url\":\"https:\/\/immigrant-entrepreneur.ca\/wp-content\/uploads\/2020\/05\/board-3700116_1920.jpg\",\"contentUrl\":\"https:\/\/immigrant-entrepreneur.ca\/wp-content\/uploads\/2020\/05\/board-3700116_1920.jpg\",\"width\":1920,\"height\":1280},{\"@type\":\"BreadcrumbList\",\"@id\":\"https:\/\/immigrant-entrepreneur.ca\/?page_id=724#breadcrumb\",\"itemListElement\":[{\"@type\":\"ListItem\",\"position\":1,\"name\":\"Home\",\"item\":\"https:\/\/immigrant-entrepreneur.ca\/\"},{\"@type\":\"ListItem\",\"position\":2,\"name\":\"AVIS LEGAL\"}]},{\"@type\":\"WebSite\",\"@id\":\"https:\/\/immigrant-entrepreneur.ca\/#website\",\"url\":\"https:\/\/immigrant-entrepreneur.ca\/\",\"name\":\"Immigrant Entrepreneur\",\"description\":\"\",\"potentialAction\":[{\"@type\":\"SearchAction\",\"target\":{\"@type\":\"EntryPoint\",\"urlTemplate\":\"https:\/\/immigrant-entrepreneur.ca\/?s={search_term_string}\"},\"query-input\":{\"@type\":\"PropertyValueSpecification\",\"valueRequired\":true,\"valueName\":\"search_term_string\"}}],\"inLanguage\":\"en-US\"}]}<\/script>\n<!-- \/ Yoast SEO plugin. -->","yoast_head_json":{"title":"AVIS LEGAL - Immigrant Entrepreneur","robots":{"index":"index","follow":"follow","max-snippet":"max-snippet:-1","max-image-preview":"max-image-preview:large","max-video-preview":"max-video-preview:-1"},"canonical":"https:\/\/immigrant-entrepreneur.ca\/?page_id=724","og_locale":"en_US","og_type":"article","og_title":"AVIS LEGAL - Immigrant Entrepreneur","og_description":"AVIS L\u00c9GAL Mentions l\u00e9gales g\u00e9n\u00e9rales Le contenu de ce blogue ainsi que les concepts et les opinions exprim\u00e9s par les auteurs (y compris les r\u00e9ponses aux questions des commentateurs) ne concernent que des questions g\u00e9n\u00e9rales. Ils ont un caract\u00e8re purement informatif et ne constituent pas des conseils ou un avis juridique pouvant donner lieu \u00e0 [&hellip;]","og_url":"https:\/\/immigrant-entrepreneur.ca\/?page_id=724","og_site_name":"Immigrant Entrepreneur","article_modified_time":"2020-05-22T19:42:50+00:00","og_image":[{"url":"https:\/\/immigrant-entrepreneur.ca\/wp-content\/uploads\/2020\/05\/board-3700116_1920-1024x683.jpg","type":"","width":"","height":""}],"twitter_card":"summary_large_image","twitter_misc":{"Est. reading time":"3 minutes"},"schema":{"@context":"https:\/\/schema.org","@graph":[{"@type":"WebPage","@id":"https:\/\/immigrant-entrepreneur.ca\/?page_id=724","url":"https:\/\/immigrant-entrepreneur.ca\/?page_id=724","name":"AVIS LEGAL - Immigrant Entrepreneur","isPartOf":{"@id":"https:\/\/immigrant-entrepreneur.ca\/#website"},"primaryImageOfPage":{"@id":"https:\/\/immigrant-entrepreneur.ca\/?page_id=724#primaryimage"},"image":{"@id":"https:\/\/immigrant-entrepreneur.ca\/?page_id=724#primaryimage"},"thumbnailUrl":"https:\/\/immigrant-entrepreneur.ca\/wp-content\/uploads\/2020\/05\/board-3700116_1920-1024x683.jpg","datePublished":"2020-05-20T19:23:23+00:00","dateModified":"2020-05-22T19:42:50+00:00","breadcrumb":{"@id":"https:\/\/immigrant-entrepreneur.ca\/?page_id=724#breadcrumb"},"inLanguage":"en-US","potentialAction":[{"@type":"ReadAction","target":["https:\/\/immigrant-entrepreneur.ca\/?page_id=724"]}]},{"@type":"ImageObject","inLanguage":"en-US","@id":"https:\/\/immigrant-entrepreneur.ca\/?page_id=724#primaryimage","url":"https:\/\/immigrant-entrepreneur.ca\/wp-content\/uploads\/2020\/05\/board-3700116_1920.jpg","contentUrl":"https:\/\/immigrant-entrepreneur.ca\/wp-content\/uploads\/2020\/05\/board-3700116_1920.jpg","width":1920,"height":1280},{"@type":"BreadcrumbList","@id":"https:\/\/immigrant-entrepreneur.ca\/?page_id=724#breadcrumb","itemListElement":[{"@type":"ListItem","position":1,"name":"Home","item":"https:\/\/immigrant-entrepreneur.ca\/"},{"@type":"ListItem","position":2,"name":"AVIS LEGAL"}]},{"@type":"WebSite","@id":"https:\/\/immigrant-entrepreneur.ca\/#website","url":"https:\/\/immigrant-entrepreneur.ca\/","name":"Immigrant Entrepreneur","description":"","potentialAction":[{"@type":"SearchAction","target":{"@type":"EntryPoint","urlTemplate":"https:\/\/immigrant-entrepreneur.ca\/?s={search_term_string}"},"query-input":{"@type":"PropertyValueSpecification","valueRequired":true,"valueName":"search_term_string"}}],"inLanguage":"en-US"}]}},"_links":{"self":[{"href":"https:\/\/immigrant-entrepreneur.ca\/index.php?rest_route=\/wp\/v2\/pages\/724","targetHints":{"allow":["GET"]}}],"collection":[{"href":"https:\/\/immigrant-entrepreneur.ca\/index.php?rest_route=\/wp\/v2\/pages"}],"about":[{"href":"https:\/\/immigrant-entrepreneur.ca\/index.php?rest_route=\/wp\/v2\/types\/page"}],"author":[{"embeddable":true,"href":"https:\/\/immigrant-entrepreneur.ca\/index.php?rest_route=\/wp\/v2\/users\/2"}],"replies":[{"embeddable":true,"href":"https:\/\/immigrant-entrepreneur.ca\/index.php?rest_route=%2Fwp%2Fv2%2Fcomments&post=724"}],"version-history":[{"count":4,"href":"https:\/\/immigrant-entrepreneur.ca\/index.php?rest_route=\/wp\/v2\/pages\/724\/revisions"}],"predecessor-version":[{"id":864,"href":"https:\/\/immigrant-entrepreneur.ca\/index.php?rest_route=\/wp\/v2\/pages\/724\/revisions\/864"}],"wp:attachment":[{"href":"https:\/\/immigrant-entrepreneur.ca\/index.php?rest_route=%2Fwp%2Fv2%2Fmedia&parent=724"}],"curies":[{"name":"wp","href":"https:\/\/api.w.org\/{rel}","templated":true}]}}